{"id":30,"date":"2020-12-19T11:06:32","date_gmt":"2020-12-19T10:06:32","guid":{"rendered":"http:\/\/www.retrofever.fr\/?page_id=30"},"modified":"2023-01-05T16:39:11","modified_gmt":"2023-01-05T15:39:11","slug":"media","status":"publish","type":"page","link":"https:\/\/www.retrofever.fr\/index.php\/media\/","title":{"rendered":"<div id=\"media\">M\u00e9dia<\/div>"},"content":{"rendered":"<div id=\"fb-root\"><\/div>\n<div class=\"epyt-gallery\" data-currpage=\"1\" id=\"epyt_gallery_12712\"><figure class=\"wp-block-embed wp-block-embed-youtube is-type-video is-provider-youtube\"><div class=\"wp-block-embed__wrapper\"><div class=\"epyt-video-wrapper\"><iframe  id=\"_ytid_33831\"  width=\"525\" height=\"295\"  data-origwidth=\"525\" data-origheight=\"295\" src=\"https:\/\/www.youtube.com\/embed\/6fdYGEgdcCM?enablejsapi=1&#038;autoplay=0&#038;cc_load_policy=0&#038;cc_lang_pref=&#038;iv_load_policy=1&#038;loop=0&#038;modestbranding=1&#038;rel=0&#038;fs=1&#038;playsinline=0&#038;autohide=2&#038;theme=dark&#038;color=red&#038;controls=1&#038;\" class=\"__youtube_prefs__  no-lazyload\" title=\"YouTube player\"  data-epytgalleryid=\"epyt_gallery_12712\"  allow=\"accelerometer; autoplay; clipboard-write; encrypted-media; gyroscope; picture-in-picture\" allowfullscreen data-no-lazy=\"1\" data-skipgform_ajax_framebjll=\"\"><\/iframe><\/div><\/div><\/figure><div class=\"epyt-gallery-list\"><div class=\"epyt-pagination \"><div tabindex=\"0\" role=\"button\" class=\"epyt-pagebutton epyt-prev  hide \" data-playlistid=\"UUJs_Qp9LxN2t2MujaNVvTfg\" data-pagesize=\"6\" data-pagetoken=\"\" data-epcolumns=\"3\" data-showtitle=\"1\" data-showpaging=\"1\" data-autonext=\"1\" data-thumbplay=\"1\"><div class=\"epyt-arrow\">&laquo;<\/div> <div>Prev<\/div><\/div><div class=\"epyt-pagenumbers \"><div class=\"epyt-current\">1<\/div><div class=\"epyt-pageseparator\"> \/ <\/div><div class=\"epyt-totalpages\">2<\/div><\/div><div tabindex=\"0\" role=\"button\" class=\"epyt-pagebutton epyt-next\" data-playlistid=\"UUJs_Qp9LxN2t2MujaNVvTfg\" data-pagesize=\"6\" data-pagetoken=\"EAAaHlBUOkNBWWlFRE13T0RreVJEa3dSVU13UXpVMU9EWQ\" data-epcolumns=\"3\" data-showtitle=\"1\" data-showpaging=\"1\" data-autonext=\"1\" data-thumbplay=\"1\"><div>Next<\/div> <div class=\"epyt-arrow\">&raquo;<\/div><\/div><div class=\"epyt-loader\"><img loading=\"lazy\" alt=\"loading\" width=\"16\" height=\"11\" src=\"https:\/\/www.retrofever.fr\/wp-content\/plugins\/youtube-embed-plus\/images\/gallery-page-loader.gif\"><\/div><\/div><div class=\"epyt-gallery-allthumbs  epyt-cols-3 \"><div tabindex=\"0\" role=\"button\" data-videoid=\"6fdYGEgdcCM\" class=\"epyt-gallery-thumb\"><div class=\"epyt-gallery-img-box\"><div class=\"epyt-gallery-img\" style=\"background-image: url(https:\/\/i.ytimg.com\/vi\/6fdYGEgdcCM\/hqdefault.jpg)\"><div class=\"epyt-gallery-playhover\"><img loading=\"lazy\" alt=\"play\" class=\"epyt-play-img\" width=\"30\" height=\"23\" src=\"https:\/\/www.retrofever.fr\/wp-content\/plugins\/youtube-embed-plus\/images\/playhover.png\" data-no-lazy=\"1\" data-skipgform_ajax_framebjll=\"\" \/><div class=\"epyt-gallery-playcrutch\"><\/div><\/div><\/div><\/div><div class=\"epyt-gallery-title\">Retro Fever &#8211; Teaser Live<\/div><\/div><div tabindex=\"0\" role=\"button\" data-videoid=\"_RtSYRYyiEk\" class=\"epyt-gallery-thumb\"><div class=\"epyt-gallery-img-box\"><div class=\"epyt-gallery-img\" style=\"background-image: url(https:\/\/i.ytimg.com\/vi\/_RtSYRYyiEk\/hqdefault.jpg)\"><div class=\"epyt-gallery-playhover\"><img loading=\"lazy\" alt=\"play\" class=\"epyt-play-img\" width=\"30\" height=\"23\" src=\"https:\/\/www.retrofever.fr\/wp-content\/plugins\/youtube-embed-plus\/images\/playhover.png\" data-no-lazy=\"1\" data-skipgform_ajax_framebjll=\"\" \/><div class=\"epyt-gallery-playcrutch\"><\/div><\/div><\/div><\/div><div class=\"epyt-gallery-title\">Retro Fever &#8211; Can&#039;t Take My Eyes Off You (Live Session)<\/div><\/div><div tabindex=\"0\" role=\"button\" data-videoid=\"sue2mtJ42Ns\" class=\"epyt-gallery-thumb\"><div class=\"epyt-gallery-img-box\"><div class=\"epyt-gallery-img\" style=\"background-image: url(https:\/\/i.ytimg.com\/vi\/sue2mtJ42Ns\/hqdefault.jpg)\"><div class=\"epyt-gallery-playhover\"><img loading=\"lazy\" alt=\"play\" class=\"epyt-play-img\" width=\"30\" height=\"23\" src=\"https:\/\/www.retrofever.fr\/wp-content\/plugins\/youtube-embed-plus\/images\/playhover.png\" data-no-lazy=\"1\" data-skipgform_ajax_framebjll=\"\" \/><div class=\"epyt-gallery-playcrutch\"><\/div><\/div><\/div><\/div><div class=\"epyt-gallery-title\">Retro Fever &#8211; Don&#039;t Stop Til You Get Enough (Live Session)<\/div><\/div><div class=\"epyt-gallery-rowbreak\"><\/div><div tabindex=\"0\" role=\"button\" data-videoid=\"aCjxzMcpuME\" class=\"epyt-gallery-thumb\"><div class=\"epyt-gallery-img-box\"><div class=\"epyt-gallery-img\" style=\"background-image: url(https:\/\/i.ytimg.com\/vi\/aCjxzMcpuME\/hqdefault.jpg)\"><div class=\"epyt-gallery-playhover\"><img loading=\"lazy\" alt=\"play\" class=\"epyt-play-img\" width=\"30\" height=\"23\" src=\"https:\/\/www.retrofever.fr\/wp-content\/plugins\/youtube-embed-plus\/images\/playhover.png\" data-no-lazy=\"1\" data-skipgform_ajax_framebjll=\"\" \/><div class=\"epyt-gallery-playcrutch\"><\/div><\/div><\/div><\/div><div class=\"epyt-gallery-title\">Retro Fever &#8211; Le Freak C&#039;est Chic (Live Session)<\/div><\/div><div tabindex=\"0\" role=\"button\" data-videoid=\"PwpKnu8Lv_k\" class=\"epyt-gallery-thumb\"><div class=\"epyt-gallery-img-box\"><div class=\"epyt-gallery-img\" style=\"background-image: url(https:\/\/i.ytimg.com\/vi\/PwpKnu8Lv_k\/hqdefault.jpg)\"><div class=\"epyt-gallery-playhover\"><img loading=\"lazy\" alt=\"play\" class=\"epyt-play-img\" width=\"30\" height=\"23\" src=\"https:\/\/www.retrofever.fr\/wp-content\/plugins\/youtube-embed-plus\/images\/playhover.png\" data-no-lazy=\"1\" data-skipgform_ajax_framebjll=\"\" \/><div class=\"epyt-gallery-playcrutch\"><\/div><\/div><\/div><\/div><div class=\"epyt-gallery-title\">Retro Fever &#8211; Can&#039;t Take my Eyes off You (Gloria Gaynor cover)<\/div><\/div><div tabindex=\"0\" role=\"button\" data-videoid=\"2BwdBXgkNEA\" class=\"epyt-gallery-thumb\"><div class=\"epyt-gallery-img-box\"><div class=\"epyt-gallery-img\" style=\"background-image: url(https:\/\/i.ytimg.com\/vi\/2BwdBXgkNEA\/hqdefault.jpg)\"><div class=\"epyt-gallery-playhover\"><img loading=\"lazy\" alt=\"play\" class=\"epyt-play-img\" width=\"30\" height=\"23\" src=\"https:\/\/www.retrofever.fr\/wp-content\/plugins\/youtube-embed-plus\/images\/playhover.png\" data-no-lazy=\"1\" data-skipgform_ajax_framebjll=\"\" \/><div class=\"epyt-gallery-playcrutch\"><\/div><\/div><\/div><\/div><div class=\"epyt-gallery-title\">Retro Fever &#8211; Got to be Real (Cheryl Lynn Cover)<\/div><\/div><div class=\"epyt-gallery-rowbreak\"><\/div><div class=\"epyt-gallery-clear\"><\/div><\/div><div class=\"epyt-pagination \"><div tabindex=\"0\" role=\"button\" class=\"epyt-pagebutton epyt-prev  hide \" data-playlistid=\"UUJs_Qp9LxN2t2MujaNVvTfg\" data-pagesize=\"6\" data-pagetoken=\"\" data-epcolumns=\"3\" data-showtitle=\"1\" data-showpaging=\"1\" data-autonext=\"1\" data-thumbplay=\"1\"><div class=\"epyt-arrow\">&laquo;<\/div> <div>Prev<\/div><\/div><div class=\"epyt-pagenumbers \"><div class=\"epyt-current\">1<\/div><div class=\"epyt-pageseparator\"> \/ <\/div><div class=\"epyt-totalpages\">2<\/div><\/div><div tabindex=\"0\" role=\"button\" class=\"epyt-pagebutton epyt-next\" data-playlistid=\"UUJs_Qp9LxN2t2MujaNVvTfg\" data-pagesize=\"6\" data-pagetoken=\"EAAaHlBUOkNBWWlFRE13T0RreVJEa3dSVU13UXpVMU9EWQ\" data-epcolumns=\"3\" data-showtitle=\"1\" data-showpaging=\"1\" data-autonext=\"1\" data-thumbplay=\"1\"><div>Next<\/div> <div class=\"epyt-arrow\">&raquo;<\/div><\/div><div class=\"epyt-loader\"><img loading=\"lazy\" alt=\"loading\" width=\"16\" height=\"11\" src=\"https:\/\/www.retrofever.fr\/wp-content\/plugins\/youtube-embed-plus\/images\/gallery-page-loader.gif\"><\/div><\/div><\/div><\/div>\n\n<div id=\"Block_wpape_gallery_69f3036cd6967\" style=\"width:80%;margin: 0 auto;padding-left:5px;padding-top:5px;padding-right:5px;padding-bottom:5px; display: none;\"><div id=\"wpape_gallery_69f3036cd6967\" data-options=\"wpape_gallery_69f3036cd6967\" style=\"width:100%;\" class=\"wpape_gallery\"><div class=\"wpape-img category590\" ><div class=\"wpape-img-image  wpape-lightbox\"  ><div data-thumbnail=\"https:\/\/www.retrofever.fr\/wp-content\/uploads\/2021\/11\/retrofever-22-768x1152.jpg\" title=\"Renaud Perrot\" data-width=\"525\" data-height=\"788\" ><\/div><div data-popup=\"https:\/\/www.retrofever.fr\/wp-content\/uploads\/2021\/11\/retrofever-22-scaled.jpg\"  title=\"Renaud Perrot\"><\/div><\/div><\/div><div class=\"wpape-img category590\" ><div class=\"wpape-img-image  wpape-lightbox\"  ><div data-thumbnail=\"https:\/\/www.retrofever.fr\/wp-content\/uploads\/2021\/11\/retrofever-33-768x1152.jpg\" title=\"David Mimey\" data-width=\"525\" data-height=\"788\" ><\/div><div data-popup=\"https:\/\/www.retrofever.fr\/wp-content\/uploads\/2021\/11\/retrofever-33-scaled.jpg\"  title=\"David Mimey\"><\/div><\/div><\/div><div class=\"wpape-img category590\" ><div class=\"wpape-img-image  wpape-lightbox\"  ><div data-thumbnail=\"https:\/\/www.retrofever.fr\/wp-content\/uploads\/2021\/11\/retrofever-15-768x1152.jpg\" title=\"Carla Gaudr\u00e9\" data-width=\"525\" data-height=\"788\" ><\/div><div data-popup=\"https:\/\/www.retrofever.fr\/wp-content\/uploads\/2021\/11\/retrofever-15-scaled.jpg\"  title=\"Carla Gaudr\u00e9\"><\/div><\/div><\/div><div class=\"wpape-img category590\" ><div class=\"wpape-img-image  wpape-lightbox\"  ><div data-thumbnail=\"https:\/\/www.retrofever.fr\/wp-content\/uploads\/2021\/11\/retrofever-6-768x1152.jpg\" title=\"Maxime Lescure\" data-width=\"525\" data-height=\"788\" ><\/div><div data-popup=\"https:\/\/www.retrofever.fr\/wp-content\/uploads\/2021\/11\/retrofever-6-scaled.jpg\"  title=\"Maxime Lescure\"><\/div><\/div><\/div><div class=\"wpape-img category590\" ><div class=\"wpape-img-image  wpape-lightbox\"  ><div data-thumbnail=\"https:\/\/www.retrofever.fr\/wp-content\/uploads\/2021\/11\/retrofever-23-768x1152.jpg\" title=\"Christophe Ponsolle\" data-width=\"525\" data-height=\"788\" ><\/div><div data-popup=\"https:\/\/www.retrofever.fr\/wp-content\/uploads\/2021\/11\/retrofever-23-scaled.jpg\"  title=\"Christophe Ponsolle\"><\/div><\/div><\/div><div class=\"wpape-img category590\" ><div class=\"wpape-img-image  wpape-lightbox\"  ><div data-thumbnail=\"https:\/\/www.retrofever.fr\/wp-content\/uploads\/2021\/11\/retrofever-9-768x1152.jpg\" title=\"Simon Portefaix\" data-width=\"525\" data-height=\"788\" ><\/div><div data-popup=\"https:\/\/www.retrofever.fr\/wp-content\/uploads\/2021\/11\/retrofever-9-scaled.jpg\"  title=\"Simon Portefaix\"><\/div><\/div><\/div><div class=\"wpape-img category590\" ><div class=\"wpape-img-image  wpape-lightbox\"  ><div data-thumbnail=\"https:\/\/www.retrofever.fr\/wp-content\/uploads\/2021\/11\/retrofever-10-768x1152.jpg\" title=\"Dorian Dutech\" data-width=\"525\" data-height=\"788\" ><\/div><div data-popup=\"https:\/\/www.retrofever.fr\/wp-content\/uploads\/2021\/11\/retrofever-10-scaled.jpg\"  title=\"Dorian Dutech\"><\/div><\/div><\/div><div class=\"wpape-img category590\" ><div class=\"wpape-img-image  wpape-lightbox\"  ><div data-thumbnail=\"https:\/\/www.retrofever.fr\/wp-content\/uploads\/2021\/11\/retrofever-31-768x512.jpg\" title=\"Merci \u00e0 la Guiguette \u00e9ph\u00e9m\u00e8re !\" data-width=\"525\" data-height=\"350\" ><\/div><div data-popup=\"https:\/\/www.retrofever.fr\/wp-content\/uploads\/2021\/11\/retrofever-31-scaled.jpg\"  title=\"Merci \u00e0 la Guiguette \u00e9ph\u00e9m\u00e8re !\"><\/div><\/div><\/div><div class=\"wpape-img category590\" ><div class=\"wpape-img-image  wpape-lightbox\"  ><div data-thumbnail=\"https:\/\/www.retrofever.fr\/wp-content\/uploads\/2021\/11\/retrofever-41-768x512.jpg\" title=\"Merci \u00e0 vous !\" data-width=\"525\" data-height=\"350\" ><\/div><div data-popup=\"https:\/\/www.retrofever.fr\/wp-content\/uploads\/2021\/11\/retrofever-41-scaled.jpg\"  title=\"Merci \u00e0 vous !\"><\/div><\/div><\/div><\/div><\/div><script>var wpape_gallery_69f3036cd6967 = {\"filterContainer\": \"#wpape_gallery_69f3036cd6967filter\", \"touch\": 1, \"columns\": 4, \"columnWidth\": \"auto\", \"resolutions\": [ ,  , ], \"borderSize\": \"3\", \"borderSize\": \"3\", \"overlayEffect\": \"direction-aware-fade\", \"boxesToLoadStart\": \"9\", \"boxesToLoad\": \"6\", \"lazyLoad\": true, \"LoadingWord\": \"Gallery images loading\", \"loadMoreWord\": \"More images\", \"noMoreEntriesWord\": \"No images\", \"loadMoreClass\": \" apebtn apebtn-flat apebtn-primary apebtn-rounded \", \"horizontalSpaceBetweenBoxes\": 10, \"verticalSpaceBetweenBoxes\": 15}, wpape_gallery_69f3036cd6967_css = \"body .mfp-ready.mfp-bg{background-color: rgba(11,11,11,0.8);}.mfp-container .mfp-arrow{display:none;}#wpape_gallery_69f3036cd6967 .wpape-img-container{ -webkit-border-radius: 100px;-moz-border-radius: 100px;border-radius: 100px;border: 3px ridge rgba(224,85,30,0.65) ;-webkit-box-shadow:2px 5px 0px rgba(252,200,28,0.65) ;-moz-box-shadow: \t2px 5px 0px rgba(252,200,28,0.65) ;-o-box-shadow: \t2px 5px 0px rgba(252,200,28,0.65) ;-ms-box-shadow: \t2px 5px 0px rgba(252,200,28,0.65) ;box-shadow: \t\t2px 5px 0px rgba(252,200,28,0.65) ;}#wpape_gallery_69f3036cd6967 .wpape-img-container:hover{border: 3px ridge rgba(224,85,30,0.65) ;-webkit-box-shadow:1px 2px 2px rgba(252,200,28,0.4) ;-moz-box-shadow: \t1px 2px 2px rgba(252,200,28,0.4) ;-o-box-shadow: \t1px 2px 2px rgba(252,200,28,0.4) ;-ms-box-shadow: \t1px 2px 2px rgba(252,200,28,0.4) ;box-shadow: \t\t1px 2px 2px rgba(252,200,28,0.4) ;}#wpape_gallery_69f3036cd6967 .thumbnail-overlay{background:rgba(7,7,7,0.3);}#wpape_gallery_69f3036cd6967 .image-with-dimensions{background-color: rgba(255,255,255,1);}body .mfp-title, body .mfp-counter{color: rgb(243,243,243);}\",apeGalleryDelay = 0; head = document.head || document.getElementsByTagName(\"head\")[0], style = document.createElement(\"style\"); style.type = \"text\/css\"; if (style.styleSheet) style.styleSheet.cssText = wpape_gallery_69f3036cd6967_css; \telse  style.appendChild(document.createTextNode(wpape_gallery_69f3036cd6967_css)); head.appendChild(style);<\/script>\n\n\n<p class=\"has-text-align-center\">Photos : Youn\u00e8s Farhi<\/p>\n","protected":false},"excerpt":{"rendered":"<p>Photos : Youn\u00e8s Farhi<\/p>\n","protected":false},"author":1,"featured_media":511,"parent":0,"menu_order":0,"comment_status":"closed","ping_status":"closed","template":"","meta":[],"_links":{"self":[{"href":"https:\/\/www.retrofever.fr\/index.php\/wp-json\/wp\/v2\/pages\/30"}],"collection":[{"href":"https:\/\/www.retrofever.fr\/index.php\/wp-json\/wp\/v2\/pages"}],"about":[{"href":"https:\/\/www.retrofever.fr\/index.php\/wp-json\/wp\/v2\/types\/page"}],"author":[{"embeddable":true,"href":"https:\/\/www.retrofever.fr\/index.php\/wp-json\/wp\/v2\/users\/1"}],"replies":[{"embeddable":true,"href":"https:\/\/www.retrofever.fr\/index.php\/wp-json\/wp\/v2\/comments?post=30"}],"version-history":[{"count":14,"href":"https:\/\/www.retrofever.fr\/index.php\/wp-json\/wp\/v2\/pages\/30\/revisions"}],"predecessor-version":[{"id":633,"href":"https:\/\/www.retrofever.fr\/index.php\/wp-json\/wp\/v2\/pages\/30\/revisions\/633"}],"wp:featuredmedia":[{"embeddable":true,"href":"https:\/\/www.retrofever.fr\/index.php\/wp-json\/wp\/v2\/media\/511"}],"wp:attachment":[{"href":"https:\/\/www.retrofever.fr\/index.php\/wp-json\/wp\/v2\/media?parent=30"}],"curies":[{"name":"wp","href":"https:\/\/api.w.org\/{rel}","templated":true}]}}