{"id":567,"date":"2021-11-09T22:30:18","date_gmt":"2021-11-09T21:30:18","guid":{"rendered":"http:\/\/www.retrofever.fr\/?page_id=567"},"modified":"2022-12-02T09:18:18","modified_gmt":"2022-12-02T08:18:18","slug":"accueil","status":"publish","type":"page","link":"https:\/\/www.retrofever.fr\/","title":{"rendered":"<div id=\"accueil\">Accueil<\/div>"},"content":{"rendered":"<div id=\"fb-root\"><\/div>\n\n<p class=\"has-text-align-center\">Parce que les planches nous d\u00e9mangent plus que jamais<\/p>\n\n\n\n<p class=\"has-text-align-center\">Que l&#8217;envie de vous faire danser jusqu&#8217;au bout de la nuit nous donne la fi\u00e8vre<\/p>\n\n\n\n<p class=\"has-text-align-center\">On a chevauch\u00e9 notre plus belle boule \u00e0 facettes au son des grands standards <br>&#8220;Dance-Floor \u00e0 la sauce Brass&#8221; avec que des tubes du Disco-Funk !<\/p>\n\n\n\n<p class=\"has-text-align-center\">Un flashback vers la musique des ann\u00e9es 70\u2019s et 80\u2019s qui s\u00e9duit toutes les g\u00e9n\u00e9rations <br>et ne laisse personne indiff\u00e9rent.&nbsp;<\/p>\n\n\n\n<p class=\"has-text-align-center\">&nbsp; &nbsp; &nbsp; \u00c7a danse, \u00e7a chante et \u00e7a transpire &#8230;<\/p>\n\n\n\n<p class=\"has-text-align-center\">Bienvenue chez RETRO FEVER !<\/p>\n","protected":false},"excerpt":{"rendered":"<p>Parce que les planches nous d\u00e9mangent plus que jamais Que l&#8217;envie de vous faire danser jusqu&#8217;au bout de la nuit nous donne la fi\u00e8vre On a chevauch\u00e9 notre plus belle boule \u00e0 facettes au son des grands standards &#8220;Dance-Floor \u00e0 la sauce Brass&#8221; avec que des tubes du Disco-Funk ! Un flashback vers la musique &hellip; <\/p>\n<p class=\"link-more\"><a href=\"https:\/\/www.retrofever.fr\/\" class=\"more-link\">Continue reading<span class=\"screen-reader-text\"> &#8220;<\/p>\n<div id=\"accueil\">Accueil<\/div>\n<p>&#8220;<\/span><\/a><\/p>\n","protected":false},"author":1,"featured_media":718,"parent":0,"menu_order":0,"comment_status":"closed","ping_status":"closed","template":"","meta":[],"_links":{"self":[{"href":"https:\/\/www.retrofever.fr\/index.php\/wp-json\/wp\/v2\/pages\/567"}],"collection":[{"href":"https:\/\/www.retrofever.fr\/index.php\/wp-json\/wp\/v2\/pages"}],"about":[{"href":"https:\/\/www.retrofever.fr\/index.php\/wp-json\/wp\/v2\/types\/page"}],"author":[{"embeddable":true,"href":"https:\/\/www.retrofever.fr\/index.php\/wp-json\/wp\/v2\/users\/1"}],"replies":[{"embeddable":true,"href":"https:\/\/www.retrofever.fr\/index.php\/wp-json\/wp\/v2\/comments?post=567"}],"version-history":[{"count":8,"href":"https:\/\/www.retrofever.fr\/index.php\/wp-json\/wp\/v2\/pages\/567\/revisions"}],"predecessor-version":[{"id":629,"href":"https:\/\/www.retrofever.fr\/index.php\/wp-json\/wp\/v2\/pages\/567\/revisions\/629"}],"wp:featuredmedia":[{"embeddable":true,"href":"https:\/\/www.retrofever.fr\/index.php\/wp-json\/wp\/v2\/media\/718"}],"wp:attachment":[{"href":"https:\/\/www.retrofever.fr\/index.php\/wp-json\/wp\/v2\/media?parent=567"}],"curies":[{"name":"wp","href":"https:\/\/api.w.org\/{rel}","templated":true}]}}